{"id":2,"date":"2023-02-23T11:04:07","date_gmt":"2023-02-23T11:04:07","guid":{"rendered":"http:\/\/smeconomix.com\/?page_id=2"},"modified":"2023-02-25T13:37:12","modified_gmt":"2023-02-25T13:37:12","slug":"sample-page","status":"publish","type":"page","link":"https:\/\/smeconomix.com\/?page_id=2","title":{"rendered":"Adatkezel\u00e9si T\u00e1j\u00e9koztat\u00f3"},"content":{"rendered":"\n<p><strong>Bevezet\u00e9s<\/strong><\/p>\n\n\n\n<p>A szervezet &#8211; mint adatkezel\u0151 \u2013 szerz\u0151d\u00e9ses kapcsolatban \u00e1ll v\u00e1llalkoz\u00e1sokkal \u00e9s egy\u00e9b<\/p>\n\n\n\n<p>szervezetekkel, amelyek a szervezet zavartalan m\u0171k\u00f6dtet\u00e9s\u00e9ben k\u00f6zrem\u0171k\u00f6dnek. A<\/p>\n\n\n\n<p>szervezet e szervezetek tiszts\u00e9gvisel\u0151inek \u00e9s alkalmazottainak &#8211; \u00e9rintett szem\u00e9lyek &#8211; azon<\/p>\n\n\n\n<p>szem\u00e9lyes adatait kezeli, amelyek kapcsolattart\u00e1s c\u00e9lj\u00e1b\u00f3l felt\u00e9tlenu\u0308l szu\u0308ks\u00e9gesek.<\/p>\n\n\n\n<p>A szervezet &#8211; mint adatkezel\u0151 &#8211; tev\u00e9kenys\u00e9ge sor\u00e1n teljes m\u00e9rt\u00e9kben meg k\u00edv\u00e1n felelni a<\/p>\n\n\n\n<p>szem\u00e9lyes adatok kezel\u00e9s\u00e9re vonatkoz\u00f3 jogszab\u00e1lyi el\u0151\u00edr\u00e1soknak, ku\u0308l\u00f6n\u00f6sen az Eur\u00f3pai<\/p>\n\n\n\n<p>Parlament \u00e9s a Tan\u00e1cs (EU) 2016\/679 rendelet\u00e9ben foglaltaknak.<\/p>\n\n\n\n<p>Ez az adatkezel\u00e9si t\u00e1j\u00e9koztat\u00f3 a term\u00e9szetes szem\u00e9lyek szem\u00e9lyes adatai v\u00e9delm\u00e9r\u0151l \u00e9s az<\/p>\n\n\n\n<p>adatok szabad \u00e1raml\u00e1s\u00e1r\u00f3l az Eur\u00f3pai Parlament \u00e9s a Tan\u00e1cs (EU) 2016\/679 rendelete<\/p>\n\n\n\n<p>alapj\u00e1n k\u00e9szu\u0308lt, figyelemmel a 2011. \u00e9vi CXII. t\u00f6rv\u00e9ny k\u00f6vetelm\u00e9nyeire, amely az<\/p>\n\n\n\n<p>inform\u00e1ci\u00f3s \u00f6nrendelkez\u00e9si jogr\u00f3l \u00e9s az inform\u00e1ci\u00f3szabads\u00e1gr\u00f3l sz\u00f3l.<\/p>\n\n\n\n<p>A szervezet a jogszab\u00e1lyoknak megfelel\u0151en \u00e9s saj\u00e1t bels\u0151 szab\u00e1lyzat\u00e1ban r\u00f6gz\u00edtett elvek<\/p>\n\n\n\n<p>szerint kezeli a vele kapcsolatban \u00e1ll\u00f3 term\u00e9szetes szem\u00e9lyek adatait. A bels\u0151 szab\u00e1lyzat<\/p>\n\n\n\n<p>betart\u00e1s\u00e1val a szervezet tiszts\u00e9gvisel\u0151i \u00e9s alkalmazottai a term\u00e9szetes szem\u00e9lyek adatainak<\/p>\n\n\n\n<p>kezel\u00e9s\u00e9t jogszer\u0171en v\u00e9gzik.<\/p>\n\n\n\n<p>A szervezet kiemelten fontosnak tartja a vele kapcsolatban \u00e1ll\u00f3 szem\u00e9lyek inform\u00e1ci\u00f3s<\/p>\n\n\n\n<p>\u00f6nrendelkez\u00e9si jog\u00e1nak tiszteletben tart\u00e1s\u00e1t, szem\u00e9lyes adataikat bizalmasan kezeli, \u00e9s<\/p>\n\n\n\n<p>betart minden olyan technikai \u00e9s szervez\u00e9si int\u00e9zked\u00e9st, amely az adatok biztons\u00e1g\u00e1t<\/p>\n\n\n\n<p>garant\u00e1lja.<\/p>\n\n\n\n<p>Ez az adatkezel\u00e9si t\u00e1j\u00e9koztat\u00f3 az \u00e9rintett szem\u00e9lyek r\u00e9sz\u00e9re ny\u00fajt inform\u00e1ci\u00f3t szem\u00e9lyes<\/p>\n\n\n\n<p>adataik kezel\u00e9s\u00e9r\u0151l.<\/p>\n\n\n\n<p><strong>Az adatkezel\u0151 megnevez\u00e9se, el\u00e9rhet\u0151s\u00e9gei:<\/strong><\/p>\n\n\n\n<p>A szervezet megnevez\u00e9se: S&amp;M Economix Kft.<\/p>\n\n\n\n<p>A szervezet c\u00edme: 1116 Budapest Karolina \u00fat 16<\/p>\n\n\n\n<p>Weboldal megnevez\u00e9se, c\u00edme: www.smeconomix.com<\/p>\n\n\n\n<p>Levelez\u00e9si c\u00edm: 1116 Budapest Karolina \u00fat 16<\/p>\n\n\n\n<p>E-mail: info@smeconomix.com<\/p>\n\n\n\n<p>Telefon: +36 1 3620083<\/p>\n\n\n\n<p><strong>Az adatkezel\u00e9s ir\u00e1nyelvei<\/strong><\/p>\n\n\n\n<p>Az adatkezel\u0151 kijelenti, hogy az adatkezel\u00e9si szab\u00e1lyzat\u00e1ban foglaltak szerint v\u00e9gzi a<\/p>\n\n\n\n<p>szem\u00e9lyes adatok kezel\u00e9s\u00e9t \u00e9s betartja a vonatkoz\u00f3 jogszab\u00e1lyok el\u0151\u00edr\u00e1sait, ku\u0308l\u00f6n\u00f6s<\/p>\n\n\n\n<p>figyelemmel az al\u00e1bbiakra:<\/p>\n\n\n\n<p>\u2022 A szem\u00e9lyes adatok kezel\u00e9s\u00e9t jogszer\u0171en \u00e9s tisztess\u00e9gesen, valamint az \u00e9rintett<\/p>\n\n\n\n<p>sz\u00e1m\u00e1ra \u00e1tl\u00e1that\u00f3 m\u00f3don v\u00e9gzi.<\/p>\n\n\n\n<p>\u2022 A szem\u00e9lyes adatok kezel\u00e9se csak meghat\u00e1rozott, egy\u00e9rtelm\u0171 \u00e9s jogszer\u0171 c\u00e9lb\u00f3l<\/p>\n\n\n\n<p>t\u00f6rt\u00e9nik. A konkr\u00e9t c\u00e9l ez estben a szerz\u0151d\u00e9ses partnerekkel t\u00f6rt\u00e9n\u0151 kapcsolattart\u00e1s.<\/p>\n\n\n\n<p>\u2022 Az adatkezel\u00e9s jogalapja az \u00e9rintett szem\u00e9ly hozz\u00e1j\u00e1rul\u00e1sa, illetve jogszab\u00e1lyban<\/p>\n\n\n\n<p>foglalt k\u00f6telezetts\u00e9g.<\/p>\n\n\n\n<p>\u2022 Az adatkezel\u00e9sben \u00e9rintettek k\u00f6re a szervezettel szerz\u0151d\u00e9ses kapcsolatban \u00e1ll\u00f3<\/p>\n\n\n\n<p>v\u00e1llalkoz\u00e1sok \u00e9s egy\u00e9b szervezetek kapcsolattart\u00f3 tiszts\u00e9gvisel\u0151i \u00e9s alkalmazottai.<\/p>\n\n\n\n<p>\u2022 Az adatkezel\u00e9s id\u0151tartama \u00e9s az adatok t\u00f6rl\u00e9se. Az adatkezel\u00e9s id\u0151tartama mindig a<\/p>\n\n\n\n<p>konkr\u00e9t felhaszn\u00e1l\u00f3i c\u00e9l fu\u0308ggv\u00e9nye, de az adatokat halad\u00e9ktalanul t\u00f6r\u00f6lni kell, ha az<\/p>\n\n\n\n<p>eredetileg kit\u0171z\u00f6tt c\u00e9l m\u00e1r megval\u00f3sult. Az adatkezel\u00e9shez t\u00f6rt\u00e9n\u0151 hozz\u00e1j\u00e1rul\u00e1s\u00e1t az<\/p>\n\n\n\n<p>\u00e9rintett szem\u00e9ly b\u00e1rmikor visszavonhatja. Amennyiben a t\u00f6rl\u00e9snek jogszab\u00e1lyi<\/p>\n\n\n\n<p>akad\u00e1lya nincs, ez esetben adatai t\u00f6rl\u00e9sre keru\u0308lnek.<\/p>\n\n\n\n<p>\u2022 Az adatok megismer\u00e9s\u00e9re jogosultak az adatkezel\u0151 \u00e9s alkalmazottai.<\/p>\n\n\n\n<p>\u2022 Az \u00e9rintett szem\u00e9ly k\u00e9relmezheti az adatkezel\u0151t\u0151l a r\u00e1 vonatkoz\u00f3 szem\u00e9lyes<\/p>\n\n\n\n<p>adatokhoz val\u00f3 hozz\u00e1f\u00e9r\u00e9st, azok helyesb\u00edt\u00e9s\u00e9t, t\u00f6rl\u00e9s\u00e9t vagy kezel\u00e9s\u00e9nek<\/p>\n\n\n\n<p>korl\u00e1toz\u00e1s\u00e1t, \u00e9s tiltakozhat az ilyen szem\u00e9lyes adatok kezel\u00e9se ellen.<\/p>\n\n\n\n<p>\u2022 Az \u00e9rintett szem\u00e9ly b\u00e1rmely id\u0151pontban visszavonhatja az adatkezel\u00e9si<\/p>\n\n\n\n<p>hozz\u00e1j\u00e1rul\u00e1s\u00e1t, de ez nem v\u00e1ltoztatja meg a visszavon\u00e1s el\u0151tt, hozz\u00e1j\u00e1rul\u00e1s alapj\u00e1n<\/p>\n\n\n\n<p>v\u00e9grehajtott adatkezel\u00e9s jogszer\u0171s\u00e9g\u00e9t.<\/p>\n\n\n\n<p>\u2022 Az \u00e9rintett szem\u00e9ly \u00e9lhet a felu\u0308gyeleti hat\u00f3s\u00e1ghoz c\u00edmzett panasz beny\u00fajt\u00e1s\u00e1nak<\/p>\n\n\n\n<p>jog\u00e1val.<\/p>\n\n\n\n<p>\u2022 Az \u00e9rintett szem\u00e9ly jogosult arra, hogy k\u00e9r\u00e9s\u00e9re az adatkezel\u0151 indokolatlan<\/p>\n\n\n\n<p>k\u00e9sedelem n\u00e9lku\u0308l helyesb\u00edtse, illetve kieg\u00e9sz\u00edtse a r\u00e1 vonatkoz\u00f3 pontatlan szem\u00e9lyes<\/p>\n\n\n\n<p>adatokat.<\/p>\n\n\n\n<p>\u2022 Az \u00e9rintett szem\u00e9ly jogosult arra, hogy k\u00e9r\u00e9s\u00e9re az adatkezel\u0151 indokolatlan<\/p>\n\n\n\n<p>k\u00e9sedelem n\u00e9lku\u0308l t\u00f6r\u00f6lje a r\u00e1 vonatkoz\u00f3 pontatlan szem\u00e9lyes adatokat, az adatkezel\u0151<\/p>\n\n\n\n<p>pedig k\u00f6teles arra, hogy az \u00e9rintettre vonatkoz\u00f3 szem\u00e9lyes adatokat indokolatlan<\/p>\n\n\n\n<p>k\u00e9sedelem n\u00e9lku\u0308l t\u00f6r\u00f6lje, amennyiben az adatkezel\u00e9snek nincs m\u00e1s jogalapja.<\/p>\n\n\n\n<p>\u2022 A szem\u00e9lyes adatok m\u00f3dos\u00edt\u00e1sa vagy t\u00f6rl\u00e9se kezdem\u00e9nyezhet\u0151 e-mailben, telefonon<\/p>\n\n\n\n<p>vagy lev\u00e9lben a t\u00e1j\u00e9koztat\u00f3ban megadott el\u00e9rhet\u0151s\u00e9gi lehet\u0151s\u00e9geken.<\/p>\n\n\n\n<p>\u2022 A szem\u00e9lyes adatok t\u00e1rol\u00e1sa pap\u00edr alapon \u00e9s elektronikus form\u00e1ban t\u00f6rt\u00e9nik \u00fagy,<\/p>\n\n\n\n<p>hogy az \u00e9rintettek azonos\u00edt\u00e1s\u00e1t csak a szu\u0308ks\u00e9ges ideig tegye lehet\u0151v\u00e9. A szem\u00e9lyes<\/p>\n\n\n\n<p>adatok enn\u00e9l hosszabb ideig t\u00f6rt\u00e9n\u0151 t\u00e1rol\u00e1s\u00e1ra csak akkor keru\u0308lhet sor, ha a t\u00e1rol\u00e1s<\/p>\n\n\n\n<p>k\u00f6z\u00e9rdek\u0171 archiv\u00e1l\u00e1s c\u00e9lj\u00e1b\u00f3l, tudom\u00e1nyos \u00e9s t\u00f6rt\u00e9nelmi kutat\u00e1si c\u00e9lb\u00f3l vagy<\/p>\n\n\n\n<p>statisztikai c\u00e9lb\u00f3l t\u00f6rt\u00e9nik.<\/p>\n\n\n\n<p>\u2022 A szem\u00e9lyes adatok kezel\u00e9se \u00e9s megfelel\u0151 biztons\u00e1ga technikai \u00e9s szervez\u00e9si<\/p>\n\n\n\n<p>int\u00e9zked\u00e9sek alkalmaz\u00e1s\u00e1val biztos\u00edtva van. Az adatok jogosulatlan vagy jogellenes<\/p>\n\n\n\n<p>kezel\u00e9se, v\u00e9letlen elveszt\u00e9se, megsemmis\u00edt\u00e9se vagy k\u00e1rosod\u00e1sa elleni v\u00e9delem<\/p>\n\n\n\n<p>biztos\u00edtott.<\/p>\n\n\n\n<p>\u2022 Az adatv\u00e9delem elvei minden azonos\u00edtott vagy azonos\u00edthat\u00f3 term\u00e9szetes szem\u00e9lyre<\/p>\n\n\n\n<p>vonatkoz\u00f3 inform\u00e1ci\u00f3 eset\u00e9ben alkalmaz\u00e1sra keru\u0308lnek.<\/p>\n\n\n\n<p>Kezelt adatok k\u00f6re Az adatkezel\u00e9s c\u00e9lja<\/p>\n\n\n\n<p>N\u00e9v Azonos\u00edt\u00e1s, kapcsolattart\u00e1s, nyilv\u00e1ntart\u00e1s.<\/p>\n\n\n\n<p>Lakc\u00edm Azonos\u00edt\u00e1s, kapcsolattart\u00e1s, nyilv\u00e1ntart\u00e1s.<\/p>\n\n\n\n<p>Telefonsz\u00e1m Kapcsolattart\u00e1si c\u00e9lb\u00f3l szu\u0308ks\u00e9ges.<\/p>\n\n\n\n<p>E-mail Kapcsolattart\u00e1si c\u00e9lb\u00f3l szu\u0308ks\u00e9ges.<\/p>\n\n\n\n<p>Az adatkezel\u00e9si t\u00e1j\u00e9koztat\u00f3ban nem szerepl\u0151 k\u00e9rd\u00e9sek tekintet\u00e9ben az adatkezel\u00e9si<\/p>\n\n\n\n<p>szab\u00e1lyzat, illetve annak alapj\u00e1ul szolg\u00e1l\u00f3 t\u00f6rv\u00e9nyek \u00e9s rendeletek az ir\u00e1nyad\u00f3k.<\/p>\n\n\n\n<div class=\"wp-block-buttons is-layout-flex wp-block-buttons-is-layout-flex\">\n<div class=\"wp-block-button\"><a class=\"wp-block-button__link wp-element-button\" href=\"https:\/\/smeconomix.com\">Vissza<\/a><\/div>\n<\/div>\n","protected":false},"excerpt":{"rendered":"<p>Bevezet\u00e9s A szervezet &#8211; mint adatkezel\u0151 \u2013 szerz\u0151d\u00e9ses kapcsolatban \u00e1ll v\u00e1llalkoz\u00e1sokkal \u00e9s egy\u00e9b szervezetekkel, amelyek a szervezet zavartalan m\u0171k\u00f6dtet\u00e9s\u00e9ben k\u00f6zrem\u0171k\u00f6dnek. [&hellip;]<\/p>\n","protected":false},"author":1,"featured_media":0,"parent":0,"menu_order":0,"comment_status":"closed","ping_status":"open","template":"","meta":{"footnotes":""},"class_list":["post-2","page","type-page","status-publish","hentry"],"_links":{"self":[{"href":"https:\/\/smeconomix.com\/index.php?rest_route=\/wp\/v2\/pages\/2","targetHints":{"allow":["GET"]}}],"collection":[{"href":"https:\/\/smeconomix.com\/index.php?rest_route=\/wp\/v2\/pages"}],"about":[{"href":"https:\/\/smeconomix.com\/index.php?rest_route=\/wp\/v2\/types\/page"}],"author":[{"embeddable":true,"href":"https:\/\/smeconomix.com\/index.php?rest_route=\/wp\/v2\/users\/1"}],"replies":[{"embeddable":true,"href":"https:\/\/smeconomix.com\/index.php?rest_route=%2Fwp%2Fv2%2Fcomments&post=2"}],"version-history":[{"count":8,"href":"https:\/\/smeconomix.com\/index.php?rest_route=\/wp\/v2\/pages\/2\/revisions"}],"predecessor-version":[{"id":54,"href":"https:\/\/smeconomix.com\/index.php?rest_route=\/wp\/v2\/pages\/2\/revisions\/54"}],"wp:attachment":[{"href":"https:\/\/smeconomix.com\/index.php?rest_route=%2Fwp%2Fv2%2Fmedia&parent=2"}],"curies":[{"name":"wp","href":"https:\/\/api.w.org\/{rel}","templated":true}]}}